{"id":243,"date":"2022-08-02T15:48:41","date_gmt":"2022-08-02T12:48:41","guid":{"rendered":"http:\/\/dijitostest.site\/cabbar\/?page_id=243"},"modified":"2022-08-09T14:27:58","modified_gmt":"2022-08-09T11:27:58","slug":"hakkimizda","status":"publish","type":"page","link":"http:\/\/www.cabbarrestaurant.com\/?page_id=243","title":{"rendered":"Hakk\u0131m\u0131zda"},"content":{"rendered":"\t<section class=\"section\" id=\"section_1461397776\">\n\t\t<div class=\"bg section-bg fill bg-fill  bg-loaded\" >\n\n\t\t\t\n\t\t\t\n\t\t\t\n\n\t\t<\/div>\n\n\t\t\n\n\t\t<div class=\"section-content relative\">\n\t\t\t\n<div class=\"row align-center\"  id=\"row-1592544199\">\n\n\t<div id=\"col-530215764\" class=\"col medium-11 small-12 large-10\"  data-animate=\"fadeInUp\">\n\t\t\t\t<div class=\"col-inner\"  >\n\t\t\t\n\t\t\t\n\t<div id=\"gap-1189016497\" class=\"gap-element clearfix\" style=\"display:block; height:auto;\">\n\t\t\n<style>\n#gap-1189016497 {\n  padding-top: 35px;\n}\n<\/style>\n\t<\/div>\n\t\n\n  <div class=\"banner has-hover\" id=\"banner-1146582474\">\n          <div class=\"banner-inner fill\">\n        <div class=\"banner-bg fill\" >\n            <div class=\"bg fill bg-fill \"><\/div>\n                                    \n                    <\/div>\n\t\t\n        <div class=\"banner-layers container\">\n            <div class=\"fill banner-link\"><\/div>            \n        <\/div>\n      <\/div>\n\n            \n<style>\n#banner-1146582474 {\n  padding-top: 300px;\n  background-color: rgb(229, 235, 228);\n}\n#banner-1146582474 .bg.bg-loaded {\n  background-image: url(http:\/\/www.cabbarrestaurant.com\/wp-content\/uploads\/2022\/08\/Cabbar-Hakk-1199x800.jpg);\n}\n#banner-1146582474 .bg {\n  background-position: 40% 68%;\n}\n#banner-1146582474 .ux-shape-divider--top svg {\n  height: 150px;\n  --divider-top-width: 100%;\n}\n#banner-1146582474 .ux-shape-divider--bottom svg {\n  height: 150px;\n  --divider-width: 100%;\n}\n@media (min-width:550px) {\n  #banner-1146582474 {\n    padding-top: 500px;\n  }\n}\n<\/style>\n  <\/div>\n\n\n\t\t<\/div>\n\t\t\t\t\n<style>\n#col-530215764 > .col-inner {\n  margin: 0px 0px 0px 0px;\n}\n@media (min-width:850px) {\n  #col-530215764 > .col-inner {\n    margin: 0px 0px 0px -255px;\n  }\n}\n<\/style>\n\t<\/div>\n\n\t\n\n\t<div id=\"col-598178228\" class=\"col medium-10 small-11 large-7\"  data-animate=\"fadeInRight\">\n\t\t\t\t<div class=\"col-inner\" style=\"background-color:rgb(252, 252, 252);\" >\n\t\t\t\n\t\t\t\n<h6>cabbar<\/h6>\n\t<div id=\"text-58669462\" class=\"text\">\n\t\t\n<h3>Hayallerin ger\u00e7e\u011fe d\u00f6n\u00fc\u015fmesi!<\/h3>\n\t\t\n<style>\n#text-58669462 {\n  font-size: 1.5rem;\n  line-height: 1.25;\n}\n<\/style>\n\t<\/div>\n\t\n<p>\u0130\u015f insan\u0131 Bora Berber ve \u0130\u015fletmeci Serkan Koca&#8217;n\u0131n uzun s\u00fcre planlamalar\u0131 ve hayallerini ger\u00e7ekle\u015ftirmesi ile Cabbar projesi hayata ge\u00e7mi\u015ftir.<\/p>\n\t\t<\/div>\n\t\t\t\t\n<style>\n#col-598178228 > .col-inner {\n  padding: 35px 35px 35px 35px;\n  margin: -95px 0px 0px 0px;\n}\n@media (min-width:550px) {\n  #col-598178228 > .col-inner {\n    padding: 65px 45px 45px 45px;\n    margin: -175px 0px 0px 0px;\n  }\n}\n@media (min-width:850px) {\n  #col-598178228 > .col-inner {\n    margin: -450px 0px 0px 160px;\n  }\n}\n<\/style>\n\t<\/div>\n\n\t\n<\/div>\n<div class=\"row align-center\"  id=\"row-46198605\">\n\n\t<div id=\"col-647927436\" class=\"col medium-11 small-12 large-10\"  data-animate=\"fadeInUp\">\n\t\t\t\t<div class=\"col-inner\"  >\n\t\t\t\n\t\t\t\n\n  <div class=\"banner has-hover\" id=\"banner-1913068445\">\n          <div class=\"banner-inner fill\">\n        <div class=\"banner-bg fill\" >\n            <div class=\"bg fill bg-fill \"><\/div>\n                                    \n                    <\/div>\n\t\t\n        <div class=\"banner-layers container\">\n            <div class=\"fill banner-link\"><\/div>            \n        <\/div>\n      <\/div>\n\n            \n<style>\n#banner-1913068445 {\n  padding-top: 300px;\n  background-color: rgb(229, 235, 228);\n}\n#banner-1913068445 .bg.bg-loaded {\n  background-image: url(http:\/\/www.cabbarrestaurant.com\/wp-content\/uploads\/2022\/08\/Cabbar-Hakk2.jpg);\n}\n#banner-1913068445 .bg {\n  background-position: 71% 77%;\n}\n#banner-1913068445 .ux-shape-divider--top svg {\n  height: 150px;\n  --divider-top-width: 100%;\n}\n#banner-1913068445 .ux-shape-divider--bottom svg {\n  height: 150px;\n  --divider-width: 100%;\n}\n@media (min-width:550px) {\n  #banner-1913068445 {\n    padding-top: 500px;\n  }\n}\n<\/style>\n  <\/div>\n\n\n\t\t<\/div>\n\t\t\t\t\n<style>\n#col-647927436 > .col-inner {\n  margin: 0px 0px 0px 0px;\n}\n@media (min-width:850px) {\n  #col-647927436 > .col-inner {\n    margin: 0px 0px 0px 350px;\n  }\n}\n<\/style>\n\t<\/div>\n\n\t\n\n\t<div id=\"col-533859723\" class=\"col medium-10 small-11 large-7\"  data-animate=\"fadeInLeft\">\n\t\t\t\t<div class=\"col-inner\" style=\"background-color:rgb(252, 252, 252);\" >\n\t\t\t\n\t\t\t\n<h6>Lezzetli Men\u00fc<\/h6>\n\t<div id=\"text-3539238340\" class=\"text\">\n\t\t\n<h3>Damaklar\u0131n\u0131zda Lezzet \u015e\u00f6leni<\/h3>\n\t\t\n<style>\n#text-3539238340 {\n  font-size: 1.5rem;\n  line-height: 1.25;\n}\n<\/style>\n\t<\/div>\n\t\n<p>2020 y\u0131l\u0131n\u0131n Haziran ay\u0131nda hayata ge\u00e7en Cabbar Ni\u015fnta\u015f\u0131&#8217;nda 300 ki\u015filik bir bah\u00e7ede hayat buldu. Ard\u0131nda da 2021 y\u0131l\u0131nda \u0130zmir Ala\u00e7at\u0131 da T\u00fcrkiye&#8217;de bir ilk olan Ocakba\u015f\u0131-Club konsepti ile yoluna devam etmektedir.<\/p>\n\t\t<\/div>\n\t\t\t\t\n<style>\n#col-533859723 > .col-inner {\n  padding: 35px 35px 35px 35px;\n  margin: -95px 0px 0px 0px;\n}\n@media (min-width:550px) {\n  #col-533859723 > .col-inner {\n    padding: 65px 45px 45px 45px;\n    margin: -175px 0px 0px 0px;\n  }\n}\n@media (min-width:850px) {\n  #col-533859723 > .col-inner {\n    margin: -441px 0px 0px -150px;\n  }\n}\n<\/style>\n\t<\/div>\n\n\t\n<\/div>\n\t\t<\/div>\n\n\t\t\n<style>\n#section_1461397776 {\n  padding-top: 75px;\n  padding-bottom: 75px;\n}\n#section_1461397776 .ux-shape-divider--top svg {\n  height: 150px;\n  --divider-top-width: 100%;\n}\n#section_1461397776 .ux-shape-divider--bottom svg {\n  height: 150px;\n  --divider-width: 100%;\n}\n@media (min-width:850px) {\n  #section_1461397776 {\n    padding-top: 18px;\n    padding-bottom: 18px;\n  }\n}\n<\/style>\n\t<\/section>\n\t\n<div class=\"row row-collapse row-full-width\"  id=\"row-1426697726\">\n\n\t<div id=\"col-1211276825\" class=\"col medium-6 small-12 large-6\"  >\n\t\t\t\t<div class=\"col-inner\"  >\n\t\t\t\n\t\t\t\n\n  <div class=\"banner has-hover bg-zoom-fade\" id=\"banner-1763920465\">\n          <div class=\"banner-inner fill\">\n        <div class=\"banner-bg fill\" >\n            <div class=\"bg fill bg-fill \"><\/div>\n                        <div class=\"overlay\"><\/div>            \n                    <\/div>\n\t\t\n        <div class=\"banner-layers container\">\n            <div class=\"fill banner-link\"><\/div>            \n   <div id=\"text-box-1196112259\" class=\"text-box banner-layer x10 md-x10 lg-x10 y50 md-y50 lg-y50 res-text\">\n                                <div class=\"text-box-content text dark\">\n              \n              <div class=\"text-inner text-left\">\n                  \n<h4 class=\"uppercase\"><\/h4>\n<h2 class=\"uppercase\"><strong>cabbar ni\u015fanta\u015f\u0131<\/strong><\/h2>\n<a class=\"button white\"  style=\"border-radius:99px;\">\n    <span>incele<\/span>\n  <\/a>\n\n              <\/div>\n           <\/div>\n                            \n<style>\n#text-box-1196112259 {\n  width: 70%;\n}\n#text-box-1196112259 .text-box-content {\n  font-size: 100%;\n}\n<\/style>\n    <\/div>\n \n        <\/div>\n      <\/div>\n\n            \n<style>\n#banner-1763920465 {\n  padding-top: 250px;\n}\n#banner-1763920465 .bg.bg-loaded {\n  background-image: url(http:\/\/www.cabbarrestaurant.com\/wp-content\/uploads\/2022\/08\/slider-alti-599x400.jpg);\n}\n#banner-1763920465 .overlay {\n  background-color: rgba(0, 0, 0, 0.2);\n}\n#banner-1763920465 .bg {\n  background-position: 50% 57%;\n}\n#banner-1763920465 .ux-shape-divider--top svg {\n  height: 150px;\n  --divider-top-width: 100%;\n}\n#banner-1763920465 .ux-shape-divider--bottom svg {\n  height: 150px;\n  --divider-width: 100%;\n}\n<\/style>\n  <\/div>\n\n\n\t\t<\/div>\n\t\t\t\t\t<\/div>\n\n\t\n\n\t<div id=\"col-528518560\" class=\"col medium-6 small-12 large-6\"  >\n\t\t\t\t<div class=\"col-inner\"  >\n\t\t\t\n\t\t\t\n\n  <div class=\"banner has-hover bg-zoom-fade\" id=\"banner-965420883\">\n          <div class=\"banner-inner fill\">\n        <div class=\"banner-bg fill\" >\n            <div class=\"bg fill bg-fill \"><\/div>\n                        <div class=\"overlay\"><\/div>            \n                    <\/div>\n\t\t\n        <div class=\"banner-layers container\">\n            <div class=\"fill banner-link\"><\/div>            \n   <div id=\"text-box-970717975\" class=\"text-box banner-layer x10 md-x10 lg-x10 y50 md-y50 lg-y50 res-text\">\n                                <div class=\"text-box-content text dark\">\n              \n              <div class=\"text-inner text-left\">\n                  \n<h4 class=\"uppercase\"><\/h4>\n<h2 class=\"uppercase\"><strong>cabbar port<\/strong><\/h2>\n<a class=\"button white\"  style=\"border-radius:99px;\">\n    <span>incele<\/span>\n  <\/a>\n\n              <\/div>\n           <\/div>\n                            \n<style>\n#text-box-970717975 {\n  width: 70%;\n}\n#text-box-970717975 .text-box-content {\n  font-size: 100%;\n}\n<\/style>\n    <\/div>\n \n        <\/div>\n      <\/div>\n\n            \n<style>\n#banner-965420883 {\n  padding-top: 250px;\n}\n#banner-965420883 .bg.bg-loaded {\n  background-image: url(http:\/\/www.cabbarrestaurant.com\/wp-content\/uploads\/2022\/08\/slider-alti2-599x400.jpg);\n}\n#banner-965420883 .overlay {\n  background-color: rgba(0, 0, 0, 0.2);\n}\n#banner-965420883 .bg {\n  background-position: 50% 57%;\n}\n#banner-965420883 .ux-shape-divider--top svg {\n  height: 150px;\n  --divider-top-width: 100%;\n}\n#banner-965420883 .ux-shape-divider--bottom svg {\n  height: 150px;\n  --divider-width: 100%;\n}\n<\/style>\n  <\/div>\n\n\n\t\t<\/div>\n\t\t\t\t\t<\/div>\n\n\t\n<\/div>\n","protected":false},"excerpt":{"rendered":"","protected":false},"author":1,"featured_media":0,"parent":0,"menu_order":0,"comment_status":"closed","ping_status":"closed","template":"page-blank.php","meta":{"footnotes":""},"class_list":["post-243","page","type-page","status-publish","hentry"],"_links":{"self":[{"href":"http:\/\/www.cabbarrestaurant.com\/index.php?rest_route=\/wp\/v2\/pages\/243","targetHints":{"allow":["GET"]}}],"collection":[{"href":"http:\/\/www.cabbarrestaurant.com\/index.php?rest_route=\/wp\/v2\/pages"}],"about":[{"href":"http:\/\/www.cabbarrestaurant.com\/index.php?rest_route=\/wp\/v2\/types\/page"}],"author":[{"embeddable":true,"href":"http:\/\/www.cabbarrestaurant.com\/index.php?rest_route=\/wp\/v2\/users\/1"}],"replies":[{"embeddable":true,"href":"http:\/\/www.cabbarrestaurant.com\/index.php?rest_route=%2Fwp%2Fv2%2Fcomments&post=243"}],"version-history":[{"count":6,"href":"http:\/\/www.cabbarrestaurant.com\/index.php?rest_route=\/wp\/v2\/pages\/243\/revisions"}],"predecessor-version":[{"id":339,"href":"http:\/\/www.cabbarrestaurant.com\/index.php?rest_route=\/wp\/v2\/pages\/243\/revisions\/339"}],"wp:attachment":[{"href":"http:\/\/www.cabbarrestaurant.com\/index.php?rest_route=%2Fwp%2Fv2%2Fmedia&parent=243"}],"curies":[{"name":"wp","href":"https:\/\/api.w.org\/{rel}","templated":true}]}}