{"id":74,"date":"2013-12-16T09:57:42","date_gmt":"2013-12-16T09:57:42","guid":{"rendered":"http:\/\/localhost:8888\/test\/?page_id=2000"},"modified":"2022-08-10T14:15:33","modified_gmt":"2022-08-10T11:15:33","slug":"fullscreen-fashion","status":"publish","type":"page","link":"http:\/\/www.cabbarrestaurant.com\/","title":{"rendered":"Ana Sayfa"},"content":{"rendered":"<div class=\"slider-wrapper relative\" id=\"slider-1875699528\" >\n    <div class=\"slider slider-nav-circle slider-nav-large slider-nav-light slider-style-normal\"\n        data-flickity-options='{\n            \"cellAlign\": \"center\",\n            \"imagesLoaded\": true,\n            \"lazyLoad\": 1,\n            \"freeScroll\": false,\n            \"wrapAround\": true,\n            \"autoPlay\": 6000,\n            \"pauseAutoPlayOnHover\" : true,\n            \"prevNextButtons\": true,\n            \"contain\" : true,\n            \"adaptiveHeight\" : true,\n            \"dragThreshold\" : 10,\n            \"percentPosition\": true,\n            \"pageDots\": true,\n            \"rightToLeft\": false,\n            \"draggable\": true,\n            \"selectedAttraction\": 0.1,\n            \"parallax\" : 0,\n            \"friction\": 0.6        }'\n        >\n        \n\n  <div class=\"banner has-hover is-full-height\" id=\"banner-39888799\">\n          <div class=\"banner-inner fill\">\n        <div class=\"banner-bg fill\" >\n            <div class=\"bg fill bg-fill \"><\/div>\n                        <div class=\"overlay\"><\/div>            \n                    <\/div>\n\t\t\n        <div class=\"banner-layers container\">\n            <div class=\"fill banner-link\"><\/div>            \n   <div id=\"text-box-387349189\" class=\"text-box banner-layer x50 md-x50 lg-x50 y50 md-y50 lg-y50 res-text\">\n              <div data-parallax=\"-1\" data-parallax-fade=\"true\">       <div data-animate=\"bounceIn\">           <div class=\"text-box-content text dark\">\n              \n              <div class=\"text-inner text-center\">\n                  \n\t<div id=\"text-80201751\" class=\"text\">\n\t\t\n<p class=\"alt-font\"><span style=\"font-size: 160%;\">Yemekleri kadar kokteyllerde sizi \u015fa\u015f\u0131rtacak kadar lezzetli!<\/span><\/p>\n<h2 class=\"uppercase\" style=\"text-align: center;\"><strong><span style=\"font-size: 150%;\" data-line-height=\"xs\">m\u00fcdavimi olacaks\u0131n\u0131z<\/span><\/strong><\/h2>\n<p>Bir \u00e7ok \u00fcnl\u00fcn\u00fcn de m\u00fcdavimi oldu\u011fu Cabbar ailesi, ambiyans\u0131, lezzetleri ve ocakba\u015f\u0131 k\u00fclt\u00fcr\u00fcn\u00fc modernize ederek kar\u015f\u0131n\u0131za \u00e7\u0131k\u0131yor, m\u00fcdavimi olman\u0131z i\u00e7in bir \u00e7ok neden sizi bekliyor.<br \/>\n\t\t\n<style>\n#text-80201751 {\n  text-align: center;\n  color: rgb(255,255,255);\n}\n#text-80201751 > * {\n  color: rgb(255,255,255);\n}\n<\/style>\n\t<\/div>\n\t\n<a href=\"https:\/\/www.cabbarrestaurant.com\/?page_id=291\" target=\"_self\" class=\"button white\"  style=\"border-radius:99px;\">\n    <span>rezervasyon<\/span>\n  <\/a>\n\n              <\/div>\n           <\/div>\n       <\/div>       <\/div>              \n<style>\n#text-box-387349189 {\n  width: 80%;\n}\n#text-box-387349189 .text-box-content {\n  font-size: 100%;\n}\n@media (min-width:550px) {\n  #text-box-387349189 {\n    width: 52%;\n  }\n}\n<\/style>\n    <\/div>\n \n        <\/div>\n      <\/div>\n\n            \n<style>\n#banner-39888799 {\n  padding-top: 100%;\n}\n#banner-39888799 .bg.bg-loaded {\n  background-image: url(http:\/\/www.cabbarrestaurant.com\/wp-content\/uploads\/2022\/08\/Cabbar-Slider-1121x800.jpg);\n}\n#banner-39888799 .overlay {\n  background-color: rgba(0, 0, 0, 0.31);\n}\n#banner-39888799 .bg {\n  background-position: 68% 27%;\n}\n#banner-39888799 .ux-shape-divider--top svg {\n  height: 150px;\n  --divider-top-width: 100%;\n}\n#banner-39888799 .ux-shape-divider--bottom svg {\n  height: 150px;\n  --divider-width: 100%;\n}\n<\/style>\n  <\/div>\n\n\n\n  <div class=\"banner has-hover is-full-height\" id=\"banner-100647456\">\n          <div class=\"banner-inner fill\">\n        <div class=\"banner-bg fill\" >\n            <div class=\"bg fill bg-fill \"><\/div>\n                        <div class=\"overlay\"><\/div>            \n                    <\/div>\n\t\t\n        <div class=\"banner-layers container\">\n            <div class=\"fill banner-link\"><\/div>            \n   <div id=\"text-box-1852812553\" class=\"text-box banner-layer x50 md-x50 lg-x50 y50 md-y50 lg-y50 res-text\">\n              <div data-parallax=\"-1\" data-parallax-fade=\"true\">       <div data-animate=\"bounceIn\">           <div class=\"text-box-content text dark\">\n              \n              <div class=\"text-inner text-center\">\n                  \n<p class=\"alt-font\"><span style=\"font-size: 160%;\">Yemekleri kadar kokteyllerde sizi \u015fa\u015f\u0131rtacak kadar lezzetli!<\/span><\/p>\n<h2 class=\"uppercase\"><strong><span style=\"font-size: 200%;\" data-line-height=\"xs\">kokteyl<\/span><\/strong><\/h2>\n<p>Yemekleri kadar kokteyllerde sizi \u015fa\u015f\u0131rtacak kadar lezzetli! T\u00fcrkiye&#8217;nin en \u00f6nemli mixolojistlerinden biri olan \u00d6zt\u00fcrk Koca&#8217;n\u0131n haz\u0131rlad\u0131\u011f\u0131 kokteyl men\u00fcs\u00fcn\u00fc lezzetle yudumlayabilirsiniz.<\/p>\n<a href=\"https:\/\/www.cabbarrestaurant.com\/?page_id=291\" target=\"_self\" class=\"button white\"  style=\"border-radius:99px;\">\n    <span>rezervasyon<\/span>\n  <\/a>\n\n              <\/div>\n           <\/div>\n       <\/div>       <\/div>              \n<style>\n#text-box-1852812553 {\n  width: 80%;\n}\n#text-box-1852812553 .text-box-content {\n  font-size: 100%;\n}\n@media (min-width:550px) {\n  #text-box-1852812553 {\n    width: 52%;\n  }\n}\n<\/style>\n    <\/div>\n \n        <\/div>\n      <\/div>\n\n            \n<style>\n#banner-100647456 {\n  padding-top: 100%;\n}\n#banner-100647456 .bg.bg-loaded {\n  background-image: url(http:\/\/www.cabbarrestaurant.com\/wp-content\/uploads\/2022\/08\/Cabbar-Slider-2-1198x800.jpg);\n}\n#banner-100647456 .overlay {\n  background-color: rgba(0, 0, 0, 0.31);\n}\n#banner-100647456 .bg {\n  background-position: 68% 27%;\n}\n#banner-100647456 .ux-shape-divider--top svg {\n  height: 150px;\n  --divider-top-width: 100%;\n}\n#banner-100647456 .ux-shape-divider--bottom svg {\n  height: 150px;\n  --divider-width: 100%;\n}\n<\/style>\n  <\/div>\n\n\n     <\/div>\n\n     <div class=\"loading-spin dark large centered\"><\/div>\n\n     \t<\/div>\n\n\n\t<section class=\"section\" id=\"section_69765409\">\n\t\t<div class=\"bg section-bg fill bg-fill  bg-loaded\" >\n\n\t\t\t\n\t\t\t\n\t\t\t\n\n\t\t<\/div>\n\n\t\t\n\n\t\t<div class=\"section-content relative\">\n\t\t\t\n<div class=\"row align-center\"  id=\"row-1535494128\">\n\n\t<div id=\"col-473979073\" class=\"col medium-11 small-12 large-10\"  data-animate=\"fadeInUp\">\n\t\t\t\t<div class=\"col-inner\"  >\n\t\t\t\n\t\t\t\n\t<div id=\"gap-709200451\" class=\"gap-element clearfix\" style=\"display:block; height:auto;\">\n\t\t\n<style>\n#gap-709200451 {\n  padding-top: 35px;\n}\n<\/style>\n\t<\/div>\n\t\n\n  <div class=\"banner has-hover\" id=\"banner-198121136\">\n          <div class=\"banner-inner fill\">\n        <div class=\"banner-bg fill\" >\n            <div class=\"bg fill bg-fill \"><\/div>\n                                    \n                    <\/div>\n\t\t\n        <div class=\"banner-layers container\">\n            <div class=\"fill banner-link\"><\/div>            \n        <\/div>\n      <\/div>\n\n            \n<style>\n#banner-198121136 {\n  padding-top: 300px;\n  background-color: rgb(229, 235, 228);\n}\n#banner-198121136 .bg.bg-loaded {\n  background-image: url(http:\/\/www.cabbarrestaurant.com\/wp-content\/uploads\/2022\/08\/Cabbar-Hakk-1199x800.jpg);\n}\n#banner-198121136 .bg {\n  background-position: 40% 68%;\n}\n#banner-198121136 .ux-shape-divider--top svg {\n  height: 150px;\n  --divider-top-width: 100%;\n}\n#banner-198121136 .ux-shape-divider--bottom svg {\n  height: 150px;\n  --divider-width: 100%;\n}\n@media (min-width:550px) {\n  #banner-198121136 {\n    padding-top: 500px;\n  }\n}\n<\/style>\n  <\/div>\n\n\n\t\t<\/div>\n\t\t\t\t\n<style>\n#col-473979073 > .col-inner {\n  margin: 0px 0px 0px 0px;\n}\n@media (min-width:850px) {\n  #col-473979073 > .col-inner {\n    margin: 0px 0px 0px -255px;\n  }\n}\n<\/style>\n\t<\/div>\n\n\t\n\n\t<div id=\"col-1904526351\" class=\"col medium-10 small-11 large-7\"  data-animate=\"fadeInRight\">\n\t\t\t\t<div class=\"col-inner\" style=\"background-color:rgb(252, 252, 252);\" >\n\t\t\t\n\t\t\t\n<h6>cabbar<\/h6>\n\t<div id=\"text-3280440803\" class=\"text\">\n\t\t\n<h3>M\u00fcdavimi olacaks\u0131n\u0131z<\/h3>\n<h3><\/h3>\n\t\t\n<style>\n#text-3280440803 {\n  font-size: 1.5rem;\n  line-height: 1.25;\n}\n<\/style>\n\t<\/div>\n\t\n<p>Bir \u00e7ok \u00fcnl\u00fcn\u00fcn de m\u00fcdavimi oldu\u011fu Cabbar ailesi, ambiyans\u0131, lezzetleri ve ocakba\u015f\u0131 k\u00fclt\u00fcr\u00fcn\u00fc modernize ederek kar\u015f\u0131n\u0131za \u00e7\u0131k\u0131yor. M\u00fcdavimi olman\u0131z i\u00e7in bir \u00e7ok neden sizi bekliyor.<\/p>\n\t\t<\/div>\n\t\t\t\t\n<style>\n#col-1904526351 > .col-inner {\n  padding: 35px 35px 35px 35px;\n  margin: -95px 0px 0px 0px;\n}\n@media (min-width:550px) {\n  #col-1904526351 > .col-inner {\n    padding: 65px 45px 45px 45px;\n    margin: -175px 0px 0px 0px;\n  }\n}\n@media (min-width:850px) {\n  #col-1904526351 > .col-inner {\n    margin: -450px 0px 0px 160px;\n  }\n}\n<\/style>\n\t<\/div>\n\n\t\n<\/div>\n<div class=\"row align-center\"  id=\"row-370805885\">\n\n\t<div id=\"col-819534693\" class=\"col medium-11 small-12 large-10\"  data-animate=\"fadeInUp\">\n\t\t\t\t<div class=\"col-inner\"  >\n\t\t\t\n\t\t\t\n\n  <div class=\"banner has-hover\" id=\"banner-1279862852\">\n          <div class=\"banner-inner fill\">\n        <div class=\"banner-bg fill\" >\n            <div class=\"bg fill bg-fill \"><\/div>\n                                    \n                    <\/div>\n\t\t\n        <div class=\"banner-layers container\">\n            <div class=\"fill banner-link\"><\/div>            \n        <\/div>\n      <\/div>\n\n            \n<style>\n#banner-1279862852 {\n  padding-top: 300px;\n  background-color: rgb(229, 235, 228);\n}\n#banner-1279862852 .bg.bg-loaded {\n  background-image: url(http:\/\/www.cabbarrestaurant.com\/wp-content\/uploads\/2022\/08\/Cabbar-Hakk2.jpg);\n}\n#banner-1279862852 .bg {\n  background-position: 71% 77%;\n}\n#banner-1279862852 .ux-shape-divider--top svg {\n  height: 150px;\n  --divider-top-width: 100%;\n}\n#banner-1279862852 .ux-shape-divider--bottom svg {\n  height: 150px;\n  --divider-width: 100%;\n}\n@media (min-width:550px) {\n  #banner-1279862852 {\n    padding-top: 500px;\n  }\n}\n<\/style>\n  <\/div>\n\n\n\t\t<\/div>\n\t\t\t\t\n<style>\n#col-819534693 > .col-inner {\n  margin: 0px 0px 0px 0px;\n}\n@media (min-width:850px) {\n  #col-819534693 > .col-inner {\n    margin: 0px 0px 0px 350px;\n  }\n}\n<\/style>\n\t<\/div>\n\n\t\n\n\t<div id=\"col-1970912596\" class=\"col medium-10 small-11 large-7\"  data-animate=\"fadeInLeft\">\n\t\t\t\t<div class=\"col-inner\" style=\"background-color:rgb(252, 252, 252);\" >\n\t\t\t\n\t\t\t\n<h6>Lezzetli Men\u00fc<\/h6>\n\t<div id=\"text-624490884\" class=\"text\">\n\t\t\n<h3>Damaklar\u0131n\u0131zda Lezzet \u015e\u00f6leni<\/h3>\n\t\t\n<style>\n#text-624490884 {\n  font-size: 1.5rem;\n  line-height: 1.25;\n}\n<\/style>\n\t<\/div>\n\t\n<p>\u0130stanbul&#8217;un en g\u00f6zde semti Ni\u015fanta\u015f\u0131&#8217;nda ve T\u00fcrkiye&#8217;nin en \u00f6nemli tatil beldelerinden olan Ala\u00e7at\u0131&#8217;da sizlerle!<\/p>\n\t\t<\/div>\n\t\t\t\t\n<style>\n#col-1970912596 > .col-inner {\n  padding: 35px 35px 35px 35px;\n  margin: -95px 0px 0px 0px;\n}\n@media (min-width:550px) {\n  #col-1970912596 > .col-inner {\n    padding: 65px 45px 45px 45px;\n    margin: -175px 0px 0px 0px;\n  }\n}\n@media (min-width:850px) {\n  #col-1970912596 > .col-inner {\n    margin: -441px 0px 0px -150px;\n  }\n}\n<\/style>\n\t<\/div>\n\n\t\n<\/div>\n\t\t<\/div>\n\n\t\t\n<style>\n#section_69765409 {\n  padding-top: 75px;\n  padding-bottom: 75px;\n}\n#section_69765409 .ux-shape-divider--top svg {\n  height: 150px;\n  --divider-top-width: 100%;\n}\n#section_69765409 .ux-shape-divider--bottom svg {\n  height: 150px;\n  --divider-width: 100%;\n}\n@media (min-width:850px) {\n  #section_69765409 {\n    padding-top: 110px;\n    padding-bottom: 110px;\n  }\n}\n<\/style>\n\t<\/section>\n\t\n<div class=\"row row-collapse row-full-width\"  id=\"row-1434598642\">\n\n\t<div id=\"col-1787834747\" class=\"col medium-6 small-12 large-6\"  >\n\t\t\t\t<div class=\"col-inner\"  >\n\t\t\t\n\t\t\t\n\n  <div class=\"banner has-hover bg-zoom-fade\" id=\"banner-1786258048\">\n          <div class=\"banner-inner fill\">\n        <div class=\"banner-bg fill\" >\n            <div class=\"bg fill bg-fill \"><\/div>\n                        <div class=\"overlay\"><\/div>            \n                    <\/div>\n\t\t\n        <div class=\"banner-layers container\">\n            <div class=\"fill banner-link\"><\/div>            \n   <div id=\"text-box-1547963902\" class=\"text-box banner-layer x10 md-x10 lg-x10 y50 md-y50 lg-y50 res-text\">\n                                <div class=\"text-box-content text dark\">\n              \n              <div class=\"text-inner text-left\">\n                  \n<h4 class=\"uppercase\"><\/h4>\n<h2 class=\"uppercase\"><strong>cabbar ni\u015fanta\u015f\u0131<\/strong><\/h2>\n<a class=\"button white\"  style=\"border-radius:99px;\">\n    <span>incele<\/span>\n  <\/a>\n\n              <\/div>\n           <\/div>\n                            \n<style>\n#text-box-1547963902 {\n  width: 70%;\n}\n#text-box-1547963902 .text-box-content {\n  font-size: 100%;\n}\n<\/style>\n    <\/div>\n \n        <\/div>\n      <\/div>\n\n            \n<style>\n#banner-1786258048 {\n  padding-top: 250px;\n}\n#banner-1786258048 .bg.bg-loaded {\n  background-image: url(http:\/\/www.cabbarrestaurant.com\/wp-content\/uploads\/2022\/08\/slider-alti-599x400.jpg);\n}\n#banner-1786258048 .overlay {\n  background-color: rgba(0, 0, 0, 0.2);\n}\n#banner-1786258048 .bg {\n  background-position: 50% 57%;\n}\n#banner-1786258048 .ux-shape-divider--top svg {\n  height: 150px;\n  --divider-top-width: 100%;\n}\n#banner-1786258048 .ux-shape-divider--bottom svg {\n  height: 150px;\n  --divider-width: 100%;\n}\n<\/style>\n  <\/div>\n\n\n\t\t<\/div>\n\t\t\t\t\t<\/div>\n\n\t\n\n\t<div id=\"col-550017260\" class=\"col medium-6 small-12 large-6\"  >\n\t\t\t\t<div class=\"col-inner\"  >\n\t\t\t\n\t\t\t\n\n  <div class=\"banner has-hover bg-zoom-fade\" id=\"banner-566863871\">\n          <div class=\"banner-inner fill\">\n        <div class=\"banner-bg fill\" >\n            <div class=\"bg fill bg-fill \"><\/div>\n                        <div class=\"overlay\"><\/div>            \n                    <\/div>\n\t\t\n        <div class=\"banner-layers container\">\n            <div class=\"fill banner-link\"><\/div>            \n   <div id=\"text-box-1445009772\" class=\"text-box banner-layer x10 md-x10 lg-x10 y50 md-y50 lg-y50 res-text\">\n                                <div class=\"text-box-content text dark\">\n              \n              <div class=\"text-inner text-left\">\n                  \n<h4 class=\"uppercase\"><\/h4>\n<h2 class=\"uppercase\"><strong>cabbar port<\/strong><\/h2>\n<a class=\"button white\"  style=\"border-radius:99px;\">\n    <span>incele<\/span>\n  <\/a>\n\n              <\/div>\n           <\/div>\n                            \n<style>\n#text-box-1445009772 {\n  width: 70%;\n}\n#text-box-1445009772 .text-box-content {\n  font-size: 100%;\n}\n<\/style>\n    <\/div>\n \n        <\/div>\n      <\/div>\n\n            \n<style>\n#banner-566863871 {\n  padding-top: 250px;\n}\n#banner-566863871 .bg.bg-loaded {\n  background-image: url(http:\/\/www.cabbarrestaurant.com\/wp-content\/uploads\/2022\/08\/slider-alti2-599x400.jpg);\n}\n#banner-566863871 .overlay {\n  background-color: rgba(0, 0, 0, 0.2);\n}\n#banner-566863871 .bg {\n  background-position: 50% 57%;\n}\n#banner-566863871 .ux-shape-divider--top svg {\n  height: 150px;\n  --divider-top-width: 100%;\n}\n#banner-566863871 .ux-shape-divider--bottom svg {\n  height: 150px;\n  --divider-width: 100%;\n}\n<\/style>\n  <\/div>\n\n\n\t\t<\/div>\n\t\t\t\t\t<\/div>\n\n\t\n<\/div>\n","protected":false},"excerpt":{"rendered":"","protected":false},"author":1,"featured_media":11,"parent":0,"menu_order":5,"comment_status":"closed","ping_status":"closed","template":"page-transparent-header-light.php","meta":{"footnotes":""},"class_list":["post-74","page","type-page","status-publish","has-post-thumbnail","hentry"],"_links":{"self":[{"href":"http:\/\/www.cabbarrestaurant.com\/index.php?rest_route=\/wp\/v2\/pages\/74","targetHints":{"allow":["GET"]}}],"collection":[{"href":"http:\/\/www.cabbarrestaurant.com\/index.php?rest_route=\/wp\/v2\/pages"}],"about":[{"href":"http:\/\/www.cabbarrestaurant.com\/index.php?rest_route=\/wp\/v2\/types\/page"}],"author":[{"embeddable":true,"href":"http:\/\/www.cabbarrestaurant.com\/index.php?rest_route=\/wp\/v2\/users\/1"}],"replies":[{"embeddable":true,"href":"http:\/\/www.cabbarrestaurant.com\/index.php?rest_route=%2Fwp%2Fv2%2Fcomments&post=74"}],"version-history":[{"count":17,"href":"http:\/\/www.cabbarrestaurant.com\/index.php?rest_route=\/wp\/v2\/pages\/74\/revisions"}],"predecessor-version":[{"id":394,"href":"http:\/\/www.cabbarrestaurant.com\/index.php?rest_route=\/wp\/v2\/pages\/74\/revisions\/394"}],"wp:featuredmedia":[{"embeddable":true,"href":"http:\/\/www.cabbarrestaurant.com\/index.php?rest_route=\/wp\/v2\/media\/11"}],"wp:attachment":[{"href":"http:\/\/www.cabbarrestaurant.com\/index.php?rest_route=%2Fwp%2Fv2%2Fmedia&parent=74"}],"curies":[{"name":"wp","href":"https:\/\/api.w.org\/{rel}","templated":true}]}}