{"id":291,"date":"2022-08-02T16:52:56","date_gmt":"2022-08-02T13:52:56","guid":{"rendered":"http:\/\/dijitostest.site\/cabbar\/?page_id=291"},"modified":"2023-11-13T11:51:23","modified_gmt":"2023-11-13T08:51:23","slug":"iletisim","status":"publish","type":"page","link":"https:\/\/www.cabbarrestaurant.com\/?page_id=291","title":{"rendered":"\u0130leti\u015fim"},"content":{"rendered":"\t<section class=\"section dark\" id=\"section_1402272936\">\n\t\t<div class=\"bg section-bg fill bg-fill  \" >\n\n\t\t\t\n\t\t\t<div class=\"section-bg-overlay absolute fill\"><\/div>\n\t\t\t\n\n\t\t<\/div>\n\n\t\t\n\n\t\t<div class=\"section-content relative\">\n\t\t\t\n<div class=\"row\"  id=\"row-969003930\">\n\n\t<div id=\"col-1714502259\" class=\"col small-12 large-12\"  >\n\t\t\t\t<div class=\"col-inner text-center\"  >\n\t\t\t\n\t\t\t\n<h2 style=\"font-size: 200%;\">\u0130leti\u015fim<\/h2>\n<p>Bizlere bu sayfada yer alan bilgilerden ula\u015fabilir, istek, g\u00f6r\u00fc\u015f ve \u00f6nerilerinizi iletebilirsiniz.<\/p>\n\t\t<\/div>\n\t\t\t\t\n<style>\n#col-1714502259 > .col-inner {\n  padding: 20px 0px 0px 0px;\n}\n<\/style>\n\t<\/div>\n\n\t\n<\/div>\n\t\t<\/div>\n\n\t\t\n<style>\n#section_1402272936 {\n  padding-top: 140px;\n  padding-bottom: 140px;\n  background-color: rgb(40, 40, 40);\n}\n#section_1402272936 .section-bg-overlay {\n  background-color: rgba(0, 0, 0, 0.3);\n}\n#section_1402272936 .section-bg.bg-loaded {\n  background-image: url(https:\/\/www.cabbarrestaurant.com\/wp-content\/uploads\/2022\/08\/Cabbar-Slider-scaled.jpg);\n}\n#section_1402272936 .section-bg {\n  background-position: 48% 50%;\n}\n#section_1402272936 .ux-shape-divider--top svg {\n  height: 150px;\n  --divider-top-width: 100%;\n}\n#section_1402272936 .ux-shape-divider--bottom svg {\n  height: 150px;\n  --divider-width: 100%;\n}\n<\/style>\n\t<\/section>\n\t\n\t<section class=\"section\" id=\"section_179345085\">\n\t\t<div class=\"bg section-bg fill bg-fill  bg-loaded\" >\n\n\t\t\t\n\t\t\t\n\t\t\t\n\n\t\t<\/div>\n\n\t\t\n\n\t\t<div class=\"section-content relative\">\n\t\t\t\n<div class=\"row\"  id=\"row-158803197\">\n\n\t<div id=\"col-1574702662\" class=\"col small-12 large-12\"  >\n\t\t\t\t<div class=\"col-inner\"  >\n\t\t\t\n\t\t\t\n<div class=\"row align-equal\"  id=\"row-1612313343\">\n\n\t<div id=\"col-1974840413\" class=\"col medium-6 small-12 large-6\"  >\n\t\t\t\t<div class=\"col-inner text-center\"  >\n\t\t\t\n\t\t\t\n\n\t\t<div class=\"icon-box featured-box icon-box-center text-center\"  >\n\t\t\t\t\t<div class=\"icon-box-img\" style=\"width: 60px\">\n\t\t\t\t<div class=\"icon\">\n\t\t\t\t\t<div class=\"icon-inner\" >\n\t\t\t\t\t\t<img loading=\"lazy\" decoding=\"async\" width=\"400\" height=\"400\" src=\"https:\/\/www.cabbarrestaurant.com\/wp-content\/uploads\/2022\/08\/contact-page-for-flatsome-wordpress-theme-pointed-icon-phone-400x400.png\" class=\"attachment-medium size-medium\" alt=\"\" srcset=\"https:\/\/www.cabbarrestaurant.com\/wp-content\/uploads\/2022\/08\/contact-page-for-flatsome-wordpress-theme-pointed-icon-phone-400x400.png 400w, https:\/\/www.cabbarrestaurant.com\/wp-content\/uploads\/2022\/08\/contact-page-for-flatsome-wordpress-theme-pointed-icon-phone-280x280.png 280w, https:\/\/www.cabbarrestaurant.com\/wp-content\/uploads\/2022\/08\/contact-page-for-flatsome-wordpress-theme-pointed-icon-phone.png 512w\" sizes=\"auto, (max-width: 400px) 100vw, 400px\" \/>\t\t\t\t\t<\/div>\n\t\t\t\t<\/div>\n\t\t\t<\/div>\n\t\t\t\t<div class=\"icon-box-text last-reset\">\n\t\t\t\t\t\t\t\t\t\n<h4>Telefon<\/h4>\n<p>Harbiye Mah. Vali Kona\u011f\u0131 Cad. No:6\/A Ni\u015fanta\u015f\u0131\/\u0130STANBUL<\/p>\n\t<div id=\"gap-2029960002\" class=\"gap-element clearfix\" style=\"display:block; height:auto;\">\n\t\t\n<style>\n#gap-2029960002 {\n  padding-top: 20px;\n}\n<\/style>\n\t<\/div>\n\t\n<a href=\"tel:05323921030\" target=\"_self\" class=\"button secondary\"  >\n  <i class=\"icon-phone\" ><\/i>  <span>+90 532 392 10 30<\/span>\n  <\/a>\n\n\t\t<\/div>\n\t<\/div>\n\t\n\t\n\t\t<\/div>\n\t\t\t\t\t<\/div>\n\n\t\n\n\t<div id=\"col-1296694918\" class=\"col medium-6 small-12 large-6\"  >\n\t\t\t\t<div class=\"col-inner text-center\"  >\n\t\t\t\n\t\t\t\n\n\t\t<div class=\"icon-box featured-box icon-box-center text-center\"  >\n\t\t\t\t\t<div class=\"icon-box-img\" style=\"width: 60px\">\n\t\t\t\t<div class=\"icon\">\n\t\t\t\t\t<div class=\"icon-inner\" >\n\t\t\t\t\t\t<img loading=\"lazy\" decoding=\"async\" width=\"400\" height=\"400\" src=\"https:\/\/www.cabbarrestaurant.com\/wp-content\/uploads\/2022\/08\/contact-page-for-flatsome-wordpress-theme-pointed-icon-chat-400x400.png\" class=\"attachment-medium size-medium\" alt=\"\" srcset=\"https:\/\/www.cabbarrestaurant.com\/wp-content\/uploads\/2022\/08\/contact-page-for-flatsome-wordpress-theme-pointed-icon-chat-400x400.png 400w, https:\/\/www.cabbarrestaurant.com\/wp-content\/uploads\/2022\/08\/contact-page-for-flatsome-wordpress-theme-pointed-icon-chat-280x280.png 280w, https:\/\/www.cabbarrestaurant.com\/wp-content\/uploads\/2022\/08\/contact-page-for-flatsome-wordpress-theme-pointed-icon-chat.png 512w\" sizes=\"auto, (max-width: 400px) 100vw, 400px\" \/>\t\t\t\t\t<\/div>\n\t\t\t\t<\/div>\n\t\t\t<\/div>\n\t\t\t\t<div class=\"icon-box-text last-reset\">\n\t\t\t\t\t\t\t\t\t\n<h4>Rezervasyon<\/h4>\n<p>Rezervasyon yapt\u0131kd\u0131ktan sonra l\u00fctfen telefonla aran\u0131p teyit al\u0131nmas\u0131n\u0131 bekleyiniz.<\/p>\n\t<div id=\"gap-2031886475\" class=\"gap-element clearfix\" style=\"display:block; height:auto;\">\n\t\t\n<style>\n#gap-2031886475 {\n  padding-top: 20px;\n}\n<\/style>\n\t<\/div>\n\t\n\t\t<\/div>\n\t<\/div>\n\t\n\t\n<a class=\"button secondary\"  >\n    <span>0532 392 10 30<\/span>\n  <\/a>\n\n\t\t<\/div>\n\t\t\t\t\t<\/div>\n\n\t\n\n\t<div id=\"col-1696855422\" class=\"col small-12 large-12\"  >\n\t\t\t\t<div class=\"col-inner text-left\"  >\n\t\t\t\n\t\t\t\n\n<p><iframe src=\"https:\/\/www.google.com\/maps\/embed?pb=!1m18!1m12!1m3!1d3008.8633172430364!2d28.987542315662946!3d41.05011802479748!2m3!1f0!2f0!3f0!3m2!1i1024!2i768!4f13.1!3m3!1m2!1s0x14cab7f0e975a965%3A0xe06e37752727f3a2!2zQ2FiYmFyIE5pxZ9hbnRhxZ_EsQ!5e0!3m2!1str!2str!4v1659448874612!5m2!1str!2str\" width=\"100%\" height=\"450\" style=\"border:0;\" allowfullscreen=\"\" loading=\"lazy\" referrerpolicy=\"no-referrer-when-downgrade\"><\/iframe><br \/>\n\n\t\t<\/div>\n\t\t\t\t\t<\/div>\n\n\t\n\n<style>\n#row-1612313343 > .col > .col-inner {\n  padding: 40px 40px 40px 40px;\n  background-color: rgb(255,255,255);\n}\n<\/style>\n<\/div>\n\t\t<\/div>\n\t\t\t\t\n<style>\n#col-1574702662 > .col-inner {\n  margin: -100px 0px 0px 0px;\n}\n<\/style>\n\t<\/div>\n\n\t\n<\/div>\n\t\t<\/div>\n\n\t\t\n<style>\n#section_179345085 {\n  padding-top: 30px;\n  padding-bottom: 30px;\n  background-color: rgb(244, 244, 244);\n}\n#section_179345085 .ux-shape-divider--top svg {\n  height: 150px;\n  --divider-top-width: 100%;\n}\n#section_179345085 .ux-shape-divider--bottom svg {\n  height: 150px;\n  --divider-width: 100%;\n}\n<\/style>\n\t<\/section>\n\t\n","protected":false},"excerpt":{"rendered":"","protected":false},"author":1,"featured_media":0,"parent":0,"menu_order":0,"comment_status":"closed","ping_status":"closed","template":"page-blank.php","meta":{"footnotes":""},"class_list":["post-291","page","type-page","status-publish","hentry"],"_links":{"self":[{"href":"https:\/\/www.cabbarrestaurant.com\/index.php?rest_route=\/wp\/v2\/pages\/291","targetHints":{"allow":["GET"]}}],"collection":[{"href":"https:\/\/www.cabbarrestaurant.com\/index.php?rest_route=\/wp\/v2\/pages"}],"about":[{"href":"https:\/\/www.cabbarrestaurant.com\/index.php?rest_route=\/wp\/v2\/types\/page"}],"author":[{"embeddable":true,"href":"https:\/\/www.cabbarrestaurant.com\/index.php?rest_route=\/wp\/v2\/users\/1"}],"replies":[{"embeddable":true,"href":"https:\/\/www.cabbarrestaurant.com\/index.php?rest_route=%2Fwp%2Fv2%2Fcomments&post=291"}],"version-history":[{"count":3,"href":"https:\/\/www.cabbarrestaurant.com\/index.php?rest_route=\/wp\/v2\/pages\/291\/revisions"}],"predecessor-version":[{"id":427,"href":"https:\/\/www.cabbarrestaurant.com\/index.php?rest_route=\/wp\/v2\/pages\/291\/revisions\/427"}],"wp:attachment":[{"href":"https:\/\/www.cabbarrestaurant.com\/index.php?rest_route=%2Fwp%2Fv2%2Fmedia&parent=291"}],"curies":[{"name":"wp","href":"https:\/\/api.w.org\/{rel}","templated":true}]}}